{"id":291,"date":"2014-05-28T13:40:30","date_gmt":"2014-05-28T11:40:30","guid":{"rendered":"http:\/\/www.patimpuls.at\/?page_id=291"},"modified":"2020-12-04T09:11:30","modified_gmt":"2020-12-04T07:11:30","slug":"pie-de-imprenta","status":"publish","type":"page","link":"https:\/\/www.patimpuls.at\/es\/pie-de-imprenta\/","title":{"rendered":"Pie de imprenta"},"content":{"rendered":"<p>Informaci\u00f3n legal (conforme al \u00a75(1) ECG)<\/p>\n<p>El abogado de patentes e ingeniero Friedrich Jell es un abogado de patentes austriaco y abogado especialista en patentes europeas (European Patent Attorney). Los abogados de patentes est\u00e1n sujetos a la normativa jur\u00eddico-laboral del Colegio austriaco de abogados de patentes (ley de abogados de patentes del 7 de junio de 1967, Diario oficial n\u00ba 214\/1967, y posteriormente en el Diario oficial 172\/1983, 772\/1992, 109\/1993, 917\/1993, 112\/1999 y 107\/2001, publicada en el Bolet\u00edn de patentes de 2001, p\u00e1g.170 y sig. y a las directrices sobre el ejercicio de la profesi\u00f3n de abogado de patentes, publicadas en el Anexo del Bolet\u00edn de patentes 05\/2005) y el c\u00f3digo deontol\u00f3gico de EPI (se pueden consultar en: www.patentepi.com).<\/p>\n<p>N.\u00ba de identificaci\u00f3n fiscal ATU65852188, fuero competente: Linz, AT<\/p>\n<p><span class=\"il\">Copyright<\/span> 2015 \u00a9 Bufete de abogados de patentes Jell<\/p>\n<p><strong>Normativa sobre protecci\u00f3n de datos:<\/strong><br \/>\nEsta p\u00e1gina web utiliza Google Analytics, un servicio de an\u00e1lisis de Google Inc. (\u00abGoogle\u00bb). Google Analytics utiliza \u201ccookies\u201d, es decir, ficheros de texto que se almacenan en su ordenador y que permiten analizar el uso que usted hace de la p\u00e1gina web. La informaci\u00f3n recopilada por las cookies sobre el uso que usted hace de esta p\u00e1gina web (incluida su direcci\u00f3n IP) se transfiere a un servidor de Google ubicado en los EE.UU., donde se almacena. Google utilizar\u00e1 esta informaci\u00f3n para evaluar su uso de la p\u00e1gina web, elaborar informes sobre las actividades en la p\u00e1gina web para el administrador de la misma y para prestar otros servicios relacionados con el uso de la p\u00e1gina web y de Internet. Google tambi\u00e9n puede transmitir esta informaci\u00f3n a terceros si lo prescribe la ley o si terceras partes procesan estos datos por orden de Google. En ning\u00fan caso Google vincular\u00e1 su direcci\u00f3n IP con otros datos de Google. Puede evitar la instalaci\u00f3n de cookies configurando el software de su navegador como corresponda. Sin embargo, es posible que si lo hace no pueda utilizar todas las funciones de esta p\u00e1gina web. Al utilizar esta p\u00e1gina web declara su conformidad con el tratamiento de los datos que se recopilen en ella a trav\u00e9s de Google en la forma descrita y est\u00e1 de acuerdo con el prop\u00f3sito citado anteriormente.<\/p>\n<p>Encargado de Marketing &amp; PR: DI(FH) Mag. Dietmar K\u00f6slich, &nbsp;MSc | <a href=\"http:\/\/www.emotive.cc\" target=\"_blank\" rel=\"noopener noreferrer\">www.emotive.cc<\/a><br \/>\nDise\u00f1o de la p\u00e1gina web: ARTINA graphic &amp; design | <a href=\"http:\/\/www.artina-design.at\" target=\"_blank\" rel=\"noopener noreferrer\">www.artina-design.at<br \/>\n<\/a><\/p>\n<p>&nbsp;<\/p>\n","protected":false},"excerpt":{"rendered":"<p>Informaci\u00f3n legal (conforme al \u00a75(1) ECG) El abogado de patentes e ingeniero Friedrich Jell es un abogado de patentes austriaco y abogado especialista en patentes europeas (European Patent Attorney). Los abogados de patentes est\u00e1n sujetos a la normativa jur\u00eddico-laboral del Colegio austriaco de abogados de patentes (ley de abogados de patentes del 7 de junio [&hellip;]<\/p>\n","protected":false},"author":1,"featured_media":0,"parent":0,"menu_order":16,"comment_status":"closed","ping_status":"closed","template":"","meta":{"_acf_changed":false,"footnotes":""},"class_list":["post-291","page","type-page","status-publish","hentry"],"acf":[],"_links":{"self":[{"href":"https:\/\/www.patimpuls.at\/es\/wp-json\/wp\/v2\/pages\/291","targetHints":{"allow":["GET"]}}],"collection":[{"href":"https:\/\/www.patimpuls.at\/es\/wp-json\/wp\/v2\/pages"}],"about":[{"href":"https:\/\/www.patimpuls.at\/es\/wp-json\/wp\/v2\/types\/page"}],"author":[{"embeddable":true,"href":"https:\/\/www.patimpuls.at\/es\/wp-json\/wp\/v2\/users\/1"}],"replies":[{"embeddable":true,"href":"https:\/\/www.patimpuls.at\/es\/wp-json\/wp\/v2\/comments?post=291"}],"version-history":[{"count":4,"href":"https:\/\/www.patimpuls.at\/es\/wp-json\/wp\/v2\/pages\/291\/revisions"}],"predecessor-version":[{"id":704,"href":"https:\/\/www.patimpuls.at\/es\/wp-json\/wp\/v2\/pages\/291\/revisions\/704"}],"wp:attachment":[{"href":"https:\/\/www.patimpuls.at\/es\/wp-json\/wp\/v2\/media?parent=291"}],"curies":[{"name":"wp","href":"https:\/\/api.w.org\/{rel}","templated":true}]}}