{"id":281,"date":"2014-05-30T13:34:27","date_gmt":"2014-05-30T11:34:27","guid":{"rendered":"http:\/\/www.patimpuls.at\/?page_id=281"},"modified":"2020-12-04T09:11:10","modified_gmt":"2020-12-04T07:11:10","slug":"bufete","status":"publish","type":"page","link":"https:\/\/www.patimpuls.at\/es\/bufete\/","title":{"rendered":"Bufete"},"content":{"rendered":"\n<figure class=\"wp-block-gallery columns-3 is-cropped wp-block-gallery-1 is-layout-flex wp-block-gallery-is-layout-flex\"><ul class=\"blocks-gallery-grid\"><li class=\"blocks-gallery-item\"><figure><a href=\"http:\/\/www.patimpuls.at\/wp-content\/uploads\/2020\/10\/DOX_02111.jpg\"><img loading=\"lazy\" decoding=\"async\" width=\"1024\" height=\"683\" src=\"https:\/\/www.patimpuls.at\/wp-content\/uploads\/2020\/10\/DOX_02111-1024x683.jpg\" alt=\"\" data-id=\"637\" data-full-url=\"http:\/\/www.patimpuls.at\/wp-content\/uploads\/2020\/10\/DOX_02111.jpg\" data-link=\"http:\/\/www.patimpuls.at\/es\/dox_02111-2\/\" class=\"wp-image-637\" srcset=\"https:\/\/www.patimpuls.at\/wp-content\/uploads\/2020\/10\/DOX_02111-1024x683.jpg 1024w, https:\/\/www.patimpuls.at\/wp-content\/uploads\/2020\/10\/DOX_02111-300x200.jpg 300w, https:\/\/www.patimpuls.at\/wp-content\/uploads\/2020\/10\/DOX_02111-768x512.jpg 768w, https:\/\/www.patimpuls.at\/wp-content\/uploads\/2020\/10\/DOX_02111-600x400.jpg 600w, https:\/\/www.patimpuls.at\/wp-content\/uploads\/2020\/10\/DOX_02111.jpg 1200w\" sizes=\"auto, (max-width: 1024px) 100vw, 1024px\" \/><\/a><\/figure><\/li><li class=\"blocks-gallery-item\"><figure><a href=\"https:\/\/www.patimpuls.at\/wp-content\/uploads\/2014\/03\/DOX_0293.jpg\"><img decoding=\"async\" src=\"https:\/\/www.patimpuls.at\/wp-content\/uploads\/2014\/03\/DOX_0293.jpg\" alt=\"\" data-id=\"48\" class=\"wp-image-540\"\/><\/a><\/figure><\/li><li class=\"blocks-gallery-item\"><figure><a href=\"https:\/\/www.patimpuls.at\/wp-content\/uploads\/2014\/03\/DOX_05721.jpg\"><img decoding=\"async\" src=\"https:\/\/www.patimpuls.at\/wp-content\/uploads\/2014\/03\/DOX_05721.jpg\" alt=\"\" data-id=\"217\" class=\"wp-image-580\"\/><\/a><\/figure><\/li><li class=\"blocks-gallery-item\"><figure><a href=\"http:\/\/www.patimpuls.at\/wp-content\/uploads\/2020\/10\/patimpuls-tablet.jpg\"><img loading=\"lazy\" decoding=\"async\" width=\"1024\" height=\"683\" src=\"https:\/\/www.patimpuls.at\/wp-content\/uploads\/2020\/10\/patimpuls-tablet-1024x683.jpg\" alt=\"\" data-id=\"643\" data-full-url=\"http:\/\/www.patimpuls.at\/wp-content\/uploads\/2020\/10\/patimpuls-tablet.jpg\" data-link=\"http:\/\/www.patimpuls.at\/es\/bufete\/patimpuls-tablet-2\/\" class=\"wp-image-643\" srcset=\"https:\/\/www.patimpuls.at\/wp-content\/uploads\/2020\/10\/patimpuls-tablet-1024x683.jpg 1024w, https:\/\/www.patimpuls.at\/wp-content\/uploads\/2020\/10\/patimpuls-tablet-300x200.jpg 300w, https:\/\/www.patimpuls.at\/wp-content\/uploads\/2020\/10\/patimpuls-tablet-768x512.jpg 768w, https:\/\/www.patimpuls.at\/wp-content\/uploads\/2020\/10\/patimpuls-tablet-600x400.jpg 600w, https:\/\/www.patimpuls.at\/wp-content\/uploads\/2020\/10\/patimpuls-tablet.jpg 1200w\" sizes=\"auto, (max-width: 1024px) 100vw, 1024px\" \/><\/a><\/figure><\/li><li class=\"blocks-gallery-item\"><figure><a href=\"https:\/\/www.patimpuls.at\/wp-content\/uploads\/2014\/03\/DOX_0405.jpg\"><img decoding=\"async\" src=\"https:\/\/www.patimpuls.at\/wp-content\/uploads\/2014\/03\/DOX_0405.jpg\" alt=\"\" data-id=\"51\" class=\"wp-image-546\"\/><\/a><\/figure><\/li><li class=\"blocks-gallery-item\"><figure><a href=\"http:\/\/www.patimpuls.at\/wp-content\/uploads\/2020\/10\/patimpuls_gespraech.jpg\"><img loading=\"lazy\" decoding=\"async\" width=\"1024\" height=\"683\" src=\"https:\/\/www.patimpuls.at\/wp-content\/uploads\/2020\/10\/patimpuls_gespraech-1024x683.jpg\" alt=\"\" data-id=\"646\" data-full-url=\"http:\/\/www.patimpuls.at\/wp-content\/uploads\/2020\/10\/patimpuls_gespraech.jpg\" data-link=\"http:\/\/www.patimpuls.at\/es\/bufete\/patimpuls_gespraech-2\/\" class=\"wp-image-646\" srcset=\"https:\/\/www.patimpuls.at\/wp-content\/uploads\/2020\/10\/patimpuls_gespraech-1024x683.jpg 1024w, https:\/\/www.patimpuls.at\/wp-content\/uploads\/2020\/10\/patimpuls_gespraech-300x200.jpg 300w, https:\/\/www.patimpuls.at\/wp-content\/uploads\/2020\/10\/patimpuls_gespraech-768x512.jpg 768w, https:\/\/www.patimpuls.at\/wp-content\/uploads\/2020\/10\/patimpuls_gespraech-600x400.jpg 600w, https:\/\/www.patimpuls.at\/wp-content\/uploads\/2020\/10\/patimpuls_gespraech.jpg 1200w\" sizes=\"auto, (max-width: 1024px) 100vw, 1024px\" \/><\/a><\/figure><\/li><li class=\"blocks-gallery-item\"><figure><a href=\"http:\/\/www.patimpuls.at\/wp-content\/uploads\/2014\/03\/Office-021.jpg\"><img decoding=\"async\" src=\"https:\/\/www.patimpuls.at\/wp-content\/uploads\/2014\/03\/Office-021-1024x681.jpg\" alt=\"\" data-id=\"578\" data-full-url=\"http:\/\/www.patimpuls.at\/wp-content\/uploads\/2014\/03\/Office-021.jpg\" data-link=\"http:\/\/www.patimpuls.at\/es\/bufete\/office-02-2-2\/\" class=\"wp-image-578\"\/><\/a><\/figure><\/li><li class=\"blocks-gallery-item\"><figure><a href=\"http:\/\/www.patimpuls.at\/wp-content\/uploads\/2020\/10\/patimpuls-vertrag.jpg\"><img loading=\"lazy\" decoding=\"async\" width=\"1024\" height=\"683\" src=\"https:\/\/www.patimpuls.at\/wp-content\/uploads\/2020\/10\/patimpuls-vertrag-1024x683.jpg\" alt=\"\" data-id=\"649\" data-full-url=\"http:\/\/www.patimpuls.at\/wp-content\/uploads\/2020\/10\/patimpuls-vertrag.jpg\" data-link=\"http:\/\/www.patimpuls.at\/es\/bufete\/patimpuls-vertrag-2\/\" class=\"wp-image-649\" srcset=\"https:\/\/www.patimpuls.at\/wp-content\/uploads\/2020\/10\/patimpuls-vertrag-1024x683.jpg 1024w, https:\/\/www.patimpuls.at\/wp-content\/uploads\/2020\/10\/patimpuls-vertrag-300x200.jpg 300w, https:\/\/www.patimpuls.at\/wp-content\/uploads\/2020\/10\/patimpuls-vertrag-768x512.jpg 768w, https:\/\/www.patimpuls.at\/wp-content\/uploads\/2020\/10\/patimpuls-vertrag-600x400.jpg 600w, https:\/\/www.patimpuls.at\/wp-content\/uploads\/2020\/10\/patimpuls-vertrag.jpg 1200w\" sizes=\"auto, (max-width: 1024px) 100vw, 1024px\" \/><\/a><\/figure><\/li><li class=\"blocks-gallery-item\"><figure><a href=\"http:\/\/www.patimpuls.at\/wp-content\/uploads\/2020\/10\/patimpuls-trademark.jpg\"><img loading=\"lazy\" decoding=\"async\" width=\"1024\" height=\"683\" src=\"https:\/\/www.patimpuls.at\/wp-content\/uploads\/2020\/10\/patimpuls-trademark-1024x683.jpg\" alt=\"\" data-id=\"655\" data-full-url=\"http:\/\/www.patimpuls.at\/wp-content\/uploads\/2020\/10\/patimpuls-trademark.jpg\" data-link=\"http:\/\/www.patimpuls.at\/es\/bufete\/patimpuls-trademark-2\/\" class=\"wp-image-655\" srcset=\"https:\/\/www.patimpuls.at\/wp-content\/uploads\/2020\/10\/patimpuls-trademark-1024x683.jpg 1024w, https:\/\/www.patimpuls.at\/wp-content\/uploads\/2020\/10\/patimpuls-trademark-300x200.jpg 300w, https:\/\/www.patimpuls.at\/wp-content\/uploads\/2020\/10\/patimpuls-trademark-768x512.jpg 768w, https:\/\/www.patimpuls.at\/wp-content\/uploads\/2020\/10\/patimpuls-trademark-600x400.jpg 600w, https:\/\/www.patimpuls.at\/wp-content\/uploads\/2020\/10\/patimpuls-trademark.jpg 1200w\" sizes=\"auto, (max-width: 1024px) 100vw, 1024px\" \/><\/a><\/figure><\/li><\/ul><\/figure>\n\n\n\n<div class=\"row\">\n<div class=\"large-6 medium-6 small-12 columns\">\n<p>El bufete Jell fue fundado en el a\u00f1o 2010 y tiene su sede en Linz, muy cerca de la C\u00e1mara de Econom\u00eda de Austria.<\/p>\n<p>Recibir\u00e1 el asesoramiento de un equipo experto en \u00e1mbitos t\u00e9cnicos y cient\u00edficos, formado por profesionales de la mecatr\u00f3nica, la ingenier\u00eda el\u00e9ctrica o la farmacia.<\/p>\n<\/div>\n<div class=\"large-6 medium-6 small-12 columns\">\n<p>El abogado de patentes Friedrich Jell cuenta con una prolongada experiencia en la industria tras haber trabajado para Austria Micro Systems AG (<a href=\"http:\/\/www.austriamicrosystems.com\" target=\"_blank\" rel=\"noopener noreferrer\">www.austriamicrosystems.com<\/a>), Siemens AG (<a href=\"http:\/\/www.siemens.de\" target=\"_blank\" rel=\"noopener noreferrer\">www.siemens.de<\/a>) y Texas Instruments (<a href=\"http:\/\/www.ti.com\" target=\"_blank\" rel=\"noopener noreferrer\">www.ti.com<\/a>), lo cual le permite contribuir a encontrar soluciones a medida en pr\u00e1cticamente todos los \u00e1mbitos de la propiedad industrial.<\/p>\n<\/div>\n<\/div>\n","protected":false},"excerpt":{"rendered":"<p>El bufete Jell fue fundado en el a\u00f1o 2010 y tiene su sede en Linz, muy cerca de la C\u00e1mara de Econom\u00eda de Austria. Recibir\u00e1 el asesoramiento de un equipo experto en \u00e1mbitos t\u00e9cnicos y cient\u00edficos, formado por profesionales de la mecatr\u00f3nica, la ingenier\u00eda el\u00e9ctrica o la farmacia. El abogado de patentes Friedrich Jell cuenta [&hellip;]<\/p>\n","protected":false},"author":1,"featured_media":0,"parent":0,"menu_order":12,"comment_status":"closed","ping_status":"closed","template":"","meta":{"_acf_changed":false,"footnotes":""},"class_list":["post-281","page","type-page","status-publish","hentry"],"acf":[],"_links":{"self":[{"href":"https:\/\/www.patimpuls.at\/es\/wp-json\/wp\/v2\/pages\/281","targetHints":{"allow":["GET"]}}],"collection":[{"href":"https:\/\/www.patimpuls.at\/es\/wp-json\/wp\/v2\/pages"}],"about":[{"href":"https:\/\/www.patimpuls.at\/es\/wp-json\/wp\/v2\/types\/page"}],"author":[{"embeddable":true,"href":"https:\/\/www.patimpuls.at\/es\/wp-json\/wp\/v2\/users\/1"}],"replies":[{"embeddable":true,"href":"https:\/\/www.patimpuls.at\/es\/wp-json\/wp\/v2\/comments?post=281"}],"version-history":[{"count":4,"href":"https:\/\/www.patimpuls.at\/es\/wp-json\/wp\/v2\/pages\/281\/revisions"}],"predecessor-version":[{"id":694,"href":"https:\/\/www.patimpuls.at\/es\/wp-json\/wp\/v2\/pages\/281\/revisions\/694"}],"wp:attachment":[{"href":"https:\/\/www.patimpuls.at\/es\/wp-json\/wp\/v2\/media?parent=281"}],"curies":[{"name":"wp","href":"https:\/\/api.w.org\/{rel}","templated":true}]}}